{"id":780,"date":"2024-12-13T15:27:52","date_gmt":"2024-12-13T15:27:52","guid":{"rendered":"https:\/\/hotel-garabel.com\/?page_id=780"},"modified":"2025-01-31T13:39:19","modified_gmt":"2025-01-31T13:39:19","slug":"acces","status":"publish","type":"page","link":"https:\/\/hotel-garabel.com\/en\/acces\/","title":{"rendered":"Access"},"content":{"rendered":"<div data-elementor-type=\"wp-page\" data-elementor-id=\"780\" class=\"elementor elementor-780\" data-elementor-post-type=\"page\">\n\t\t\t\t<div class=\"elementor-element elementor-element-dc50838 e-flex e-con-boxed wpr-particle-no wpr-jarallax-no wpr-parallax-no wpr-sticky-section-no wpr-equal-height-no e-con e-parent\" data-id=\"dc50838\" data-element_type=\"container\" data-e-type=\"container\" data-settings=\"{&quot;background_background&quot;:&quot;classic&quot;}\">\n\t\t\t\t\t<div class=\"e-con-inner\">\n\t\t<div class=\"elementor-element elementor-element-3808ef5 e-con-full e-flex wpr-particle-no wpr-jarallax-no wpr-parallax-no wpr-sticky-section-no wpr-equal-height-no e-con e-child\" data-id=\"3808ef5\" data-element_type=\"container\" data-e-type=\"container\">\n\t\t\t\t<div class=\"elementor-element elementor-element-da44087 elementor-widget elementor-widget-heading\" data-id=\"da44087\" data-element_type=\"widget\" data-e-type=\"widget\" data-widget_type=\"heading.default\">\n\t\t\t\t<div class=\"elementor-widget-container\">\n\t\t\t\t\t<h2 class=\"elementor-heading-title elementor-size-default\">How do I get to H\u00f4tel Garabel?<\/h2>\t\t\t\t<\/div>\n\t\t\t\t<\/div>\n\t\t\t\t<\/div>\n\t\t\t\t\t<\/div>\n\t\t\t\t<\/div>\n\t\t<div class=\"elementor-element elementor-element-0aa916d e-flex e-con-boxed wpr-particle-no wpr-jarallax-no wpr-parallax-no wpr-sticky-section-no wpr-equal-height-no e-con e-parent\" data-id=\"0aa916d\" data-element_type=\"container\" data-e-type=\"container\">\n\t\t\t\t\t<div class=\"e-con-inner\">\n\t\t<div class=\"elementor-element elementor-element-77d68de e-con-full e-flex wpr-particle-no wpr-jarallax-no wpr-parallax-no wpr-sticky-section-no wpr-equal-height-no e-con e-child\" data-id=\"77d68de\" data-element_type=\"container\" data-e-type=\"container\">\n\t\t\t\t<div class=\"elementor-element elementor-element-9daf9dc elementor-widget elementor-widget-heading\" data-id=\"9daf9dc\" data-element_type=\"widget\" data-e-type=\"widget\" data-widget_type=\"heading.default\">\n\t\t\t\t<div class=\"elementor-widget-container\">\n\t\t\t\t\t<h2 class=\"elementor-heading-title elementor-size-default\">How to get to Hotel Garabel<\/h2>\t\t\t\t<\/div>\n\t\t\t\t<\/div>\n\t\t\t\t<div class=\"elementor-element elementor-element-2ca45b8 elementor-widget-divider--view-line elementor-widget elementor-widget-divider\" data-id=\"2ca45b8\" data-element_type=\"widget\" data-e-type=\"widget\" data-widget_type=\"divider.default\">\n\t\t\t\t<div class=\"elementor-widget-container\">\n\t\t\t\t\t\t\t<div class=\"elementor-divider\">\n\t\t\t<span class=\"elementor-divider-separator\">\n\t\t\t\t\t\t<\/span>\n\t\t<\/div>\n\t\t\t\t\t\t<\/div>\n\t\t\t\t<\/div>\n\t\t\t\t<div class=\"elementor-element elementor-element-41d9a3e elementor-widget elementor-widget-text-editor\" data-id=\"41d9a3e\" data-element_type=\"widget\" data-e-type=\"widget\" data-widget_type=\"text-editor.default\">\n\t\t\t\t<div class=\"elementor-widget-container\">\n\t\t\t\t\t\t\t\t\t<p>Hotel Garabel, located in <strong>78 Avenue du 19 Mars 1962, 78370 Plaisir<\/strong>is easily accessible, whether you're travelling by car, public transport or even on foot. Here you'll find all the information you need to get to our establishment with ease.<\/p>\t\t\t\t\t\t\t\t<\/div>\n\t\t\t\t<\/div>\n\t\t\t\t<div class=\"elementor-element elementor-element-acd6c98 elementor-position-inline-start elementor-view-default elementor-mobile-position-block-start elementor-widget elementor-widget-icon-box\" data-id=\"acd6c98\" data-element_type=\"widget\" data-e-type=\"widget\" data-widget_type=\"icon-box.default\">\n\t\t\t\t<div class=\"elementor-widget-container\">\n\t\t\t\t\t\t\t<div class=\"elementor-icon-box-wrapper\">\n\n\t\t\t\t\t\t<div class=\"elementor-icon-box-icon\">\n\t\t\t\t<span  class=\"elementor-icon\">\n\t\t\t\t<i aria-hidden=\"true\" class=\"icon icon-car\"><\/i>\t\t\t\t<\/span>\n\t\t\t<\/div>\n\t\t\t\n\t\t\t\t\t\t<div class=\"elementor-icon-box-content\">\n\n\t\t\t\t\t\t\t\t\t<h3 class=\"elementor-icon-box-title\">\n\t\t\t\t\t\t<span  >\n\t\t\t\t\t\t\tBy car\t\t\t\t\t\t<\/span>\n\t\t\t\t\t<\/h3>\n\t\t\t\t\n\t\t\t\t\t\t\t\t\t<p class=\"elementor-icon-box-description\">\n\t\t\t\t\t\t<strong>From Paris :<\/strong><br>\nTake the A13 motorway towards Saint-Quentin-en-Yvelines, then follow the N12 to Plaisir. Follow the signs for \"Plaisir Centre\" to reach the hotel.<br><br>\n<strong>From Versailles :<\/strong><br>\nTake the D10, then the N12 to reach Plaisir. Continue towards the town centre, where the hotel is located at 78 Avenue du 19 Mars 1962.<br><br>\n<strong>Parking :<\/strong><br>\nPublic parking is available in the immediate vicinity of the hotel for your convenience.\t\t\t\t\t<\/p>\n\t\t\t\t\n\t\t\t<\/div>\n\t\t\t\n\t\t<\/div>\n\t\t\t\t\t\t<\/div>\n\t\t\t\t<\/div>\n\t\t\t\t<div class=\"elementor-element elementor-element-ea6a0c0 elementor-position-inline-start elementor-view-default elementor-mobile-position-block-start elementor-widget elementor-widget-icon-box\" data-id=\"ea6a0c0\" data-element_type=\"widget\" data-e-type=\"widget\" data-widget_type=\"icon-box.default\">\n\t\t\t\t<div class=\"elementor-widget-container\">\n\t\t\t\t\t\t\t<div class=\"elementor-icon-box-wrapper\">\n\n\t\t\t\t\t\t<div class=\"elementor-icon-box-icon\">\n\t\t\t\t<span  class=\"elementor-icon\">\n\t\t\t\t<svg aria-hidden=\"true\" class=\"e-font-icon-svg e-fas-train\" viewbox=\"0 0 448 512\" xmlns=\"http:\/\/www.w3.org\/2000\/svg\"><path d=\"M448 96v256c0 51.815-61.624 96-130.022 96l62.98 49.721C386.905 502.417 383.562 512 376 512H72c-7.578 0-10.892-9.594-4.957-14.279L130.022 448C61.82 448 0 403.954 0 352V96C0 42.981 64 0 128 0h192c65 0 128 42.981 128 96zm-48 136V120c0-13.255-10.745-24-24-24H72c-13.255 0-24 10.745-24 24v112c0 13.255 10.745 24 24 24h304c13.255 0 24-10.745 24-24zm-176 64c-30.928 0-56 25.072-56 56s25.072 56 56 56 56-25.072 56-56-25.072-56-56-56z\"><\/path><\/svg>\t\t\t\t<\/span>\n\t\t\t<\/div>\n\t\t\t\n\t\t\t\t\t\t<div class=\"elementor-icon-box-content\">\n\n\t\t\t\t\t\t\t\t\t<h3 class=\"elementor-icon-box-title\">\n\t\t\t\t\t\t<span  >\n\t\t\t\t\t\t\tRER &amp; Transilien\t\t\t\t\t\t<\/span>\n\t\t\t\t\t<\/h3>\n\t\t\t\t\n\t\t\t\t\t\t\t\t\t<p class=\"elementor-icon-box-description\">\n\t\t\t\t\t\t<strong>By RER :<\/strong><br>\nTake the RER C to Saint-Quentin-en-Yvelines, then change to the Transilien N to Dreux. Get off at Plaisir-Grignon station, just 50 metres from the hotel.<br><br>\n<strong>By train :<\/strong><br>\nPlaisir-Grignon station is served by the Transilien N line to Mantes-la-Jolie or Dreux. The hotel is a 2-minute walk from the station.\t\t\t\t\t<\/p>\n\t\t\t\t\n\t\t\t<\/div>\n\t\t\t\n\t\t<\/div>\n\t\t\t\t\t\t<\/div>\n\t\t\t\t<\/div>\n\t\t\t\t<div class=\"elementor-element elementor-element-1cfccab elementor-position-inline-start elementor-view-default elementor-mobile-position-block-start elementor-widget elementor-widget-icon-box\" data-id=\"1cfccab\" data-element_type=\"widget\" data-e-type=\"widget\" data-widget_type=\"icon-box.default\">\n\t\t\t\t<div class=\"elementor-widget-container\">\n\t\t\t\t\t\t\t<div class=\"elementor-icon-box-wrapper\">\n\n\t\t\t\t\t\t<div class=\"elementor-icon-box-icon\">\n\t\t\t\t<span  class=\"elementor-icon\">\n\t\t\t\t<svg aria-hidden=\"true\" class=\"e-font-icon-svg e-fas-bus-alt\" viewbox=\"0 0 512 512\" xmlns=\"http:\/\/www.w3.org\/2000\/svg\"><path d=\"M488 128h-8V80c0-44.8-99.2-80-224-80S32 35.2 32 80v48h-8c-13.25 0-24 10.74-24 24v80c0 13.25 10.75 24 24 24h8v160c0 17.67 14.33 32 32 32v32c0 17.67 14.33 32 32 32h32c17.67 0 32-14.33 32-32v-32h192v32c0 17.67 14.33 32 32 32h32c17.67 0 32-14.33 32-32v-32h6.4c16 0 25.6-12.8 25.6-25.6V256h8c13.25 0 24-10.75 24-24v-80c0-13.26-10.75-24-24-24zM160 72c0-4.42 3.58-8 8-8h176c4.42 0 8 3.58 8 8v16c0 4.42-3.58 8-8 8H168c-4.42 0-8-3.58-8-8V72zm-48 328c-17.67 0-32-14.33-32-32s14.33-32 32-32 32 14.33 32 32-14.33 32-32 32zm128-112H128c-17.67 0-32-14.33-32-32v-96c0-17.67 14.33-32 32-32h112v160zm32 0V128h112c17.67 0 32 14.33 32 32v96c0 17.67-14.33 32-32 32H272zm128 112c-17.67 0-32-14.33-32-32s14.33-32 32-32 32 14.33 32 32-14.33 32-32 32z\"><\/path><\/svg>\t\t\t\t<\/span>\n\t\t\t<\/div>\n\t\t\t\n\t\t\t\t\t\t<div class=\"elementor-icon-box-content\">\n\n\t\t\t\t\t\t\t\t\t<h3 class=\"elementor-icon-box-title\">\n\t\t\t\t\t\t<span  >\n\t\t\t\t\t\t\tBus\t\t\t\t\t\t<\/span>\n\t\t\t\t\t<\/h3>\n\t\t\t\t\n\t\t\t\t\t\t\t\t\t<p class=\"elementor-icon-box-description\">\n\t\t\t\t\t\tThe following bus routes serve Plaisir:<br><br>\n<strong>Line 2: <\/strong>From Saint-Quentin-en-Yvelines.<br>\n<strong>Line 10 : <\/strong>From the surrounding municipalities.\n<br><br><strong>Get off at the Gare Plaisir-Grignon stop, right next to the hotel.<\/strong>\t\t\t\t\t<\/p>\n\t\t\t\t\n\t\t\t<\/div>\n\t\t\t\n\t\t<\/div>\n\t\t\t\t\t\t<\/div>\n\t\t\t\t<\/div>\n\t\t\t\t<\/div>\n\t\t<div class=\"elementor-element elementor-element-6b2d5ed e-con-full e-flex wpr-particle-no wpr-jarallax-no wpr-parallax-no wpr-sticky-section-no wpr-equal-height-no e-con e-child\" data-id=\"6b2d5ed\" data-element_type=\"container\" data-e-type=\"container\">\n\t\t\t\t<div class=\"elementor-element elementor-element-fda9b94 elementor-widget elementor-widget-google_maps\" data-id=\"fda9b94\" data-element_type=\"widget\" data-e-type=\"widget\" data-widget_type=\"google_maps.default\">\n\t\t\t\t<div class=\"elementor-widget-container\">\n\t\t\t\t\t\t\t<div class=\"elementor-custom-embed\">\n\t\t\t<iframe loading=\"lazy\"\n\t\t\t\t\tsrc=\"https:\/\/maps.google.com\/maps?q=hotel%20garabel%2078%20avenue%20du%2019%20mars%201962%2078370%20plaisir&#038;t=m&#038;z=16&#038;output=embed&#038;iwloc=near\"\n\t\t\t\t\ttitle=\"hotel garabel 78 avenue du 19 mars 1962 78370 plaisir\"\n\t\t\t\t\taria-label=\"hotel garabel 78 avenue du 19 mars 1962 78370 plaisir\"\n\t\t\t><\/iframe>\n\t\t<\/div>\n\t\t\t\t\t\t<\/div>\n\t\t\t\t<\/div>\n\t\t\t\t<\/div>\n\t\t\t\t\t<\/div>\n\t\t\t\t<\/div>\n\t\t\t\t<\/div>","protected":false},"excerpt":{"rendered":"<p>How to get to H\u00f4tel Garabel How to get to H\u00f4tel Garabel H\u00f4tel Garabel, located at 78 Avenue du 19 Mars 1962, 78370 Plaisir, is easily accessible, whether you're travelling by car, public transport or even on foot. Here you'll find all the information you need to get to our hotel with ease. By car From Paris: Take the A13 motorway towards Saint-Quentin-en-Yvelines, then follow the N12 to Plaisir. Follow the signs for \"Plaisir Centre\" to reach the hotel. From Versailles: Take the D10, then the N12 to Plaisir. Continue towards the town centre and the hotel is located at 78 Avenue du 19 Mars 1962. Parking: A public car park is available in the immediate vicinity of the hotel for your convenience. RER &amp; Transilien By RER: Take RER line C to Saint-Quentin-en-Yvelines, then change to Transilien N to Dreux. Get off at Plaisir-Grignon station, just 50 metres from the hotel. By train: The Transilien N towards Mantes-la-Jolie or Dreux serves Plaisir-Grignon station. The hotel is a 2-minute walk from the station. Bus The following bus routes serve Plaisir: Route 2: From Saint-Quentin-en-Yvelines. Line 10: From surrounding towns. Get off at the Gare Plaisir-Grignon stop, right next to the hotel.<\/p>","protected":false},"author":1,"featured_media":0,"parent":0,"menu_order":0,"comment_status":"closed","ping_status":"closed","template":"","meta":{"_kad_post_transparent":"","_kad_post_title":"hide","_kad_post_layout":"fullwidth","_kad_post_sidebar_id":"","_kad_post_content_style":"unboxed","_kad_post_vertical_padding":"hide","_kad_post_feature":"hide","_kad_post_feature_position":"","_kad_post_header":false,"_kad_post_footer":false,"_kad_post_classname":"","footnotes":""},"class_list":["post-780","page","type-page","status-publish","hentry"],"yoast_head":"<!-- This site is optimized with the Yoast SEO plugin v27.5 - https:\/\/yoast.com\/product\/yoast-seo-wordpress\/ -->\n<title>Acc\u00e8s - H\u00f4tel Garabel<\/title>\n<meta name=\"robots\" content=\"index, follow, max-snippet:-1, max-image-preview:large, max-video-preview:-1\" \/>\n<link rel=\"canonical\" href=\"https:\/\/hotel-garabel.com\/en\/acces\/\" \/>\n<meta property=\"og:locale\" content=\"en_GB\" \/>\n<meta property=\"og:type\" content=\"article\" \/>\n<meta property=\"og:title\" content=\"Acc\u00e8s - H\u00f4tel Garabel\" \/>\n<meta property=\"og:description\" content=\"Comment acc\u00e9der \u00e0 l&rsquo;H\u00f4tel Garabel ? Les itin\u00e9raires pour rejoindre l\u2019H\u00f4tel Garabel L\u2019H\u00f4tel Garabel, situ\u00e9 au 78 Avenue du 19 Mars 1962, 78370 Plaisir, est facilement accessible, que vous voyagiez en voiture, en transport en commun ou m\u00eame \u00e0 pied. Retrouvez ici toutes les informations pour rejoindre notre \u00e9tablissement en toute simplicit\u00e9. En Voiture Depuis Paris : Prenez l\u2019autoroute A13 en direction de Saint-Quentin-en-Yvelines, puis suivez la N12 jusqu\u2019\u00e0 Plaisir. Suivez les panneaux indiquant \u00ab\u00a0Plaisir Centre\u00a0\u00bb pour rejoindre l\u2019h\u00f4tel. Depuis Versailles : Empruntez la D10, puis la N12 pour rejoindre Plaisir. Continuez vers le centre-ville, l\u2019h\u00f4tel se trouve au 78 Avenue du 19 Mars 1962. Parking : Un parking public est disponible \u00e0 proximit\u00e9 imm\u00e9diate de l\u2019h\u00f4tel pour vous faciliter le stationnement. RER &#038; Transilien En RER : Prenez la ligne RER C jusqu\u2019\u00e0 Saint-Quentin-en-Yvelines, puis changez pour le Transilien N en direction de Dreux. Descendez \u00e0 la gare de Plaisir-Grignon, situ\u00e9e \u00e0 seulement 50 m\u00e8tres de l&rsquo;h\u00f4tel. En train : Le Transilien N, en direction de Mantes-la-Jolie ou Dreux, dessert la gare de Plaisir-Grignon. L&rsquo;h\u00f4tel est accessible en 2 minutes \u00e0 pied depuis la gare. Bus Les lignes de bus suivantes desservent Plaisir : Ligne 2 : Depuis Saint-Quentin-en-Yvelines. Ligne 10 : En provenance des communes environnantes. Descendez \u00e0 l&rsquo;arr\u00eat Gare Plaisir-Grignon, \u00e0 proximit\u00e9 imm\u00e9diate de l&rsquo;h\u00f4tel.\" \/>\n<meta property=\"og:url\" content=\"https:\/\/hotel-garabel.com\/en\/acces\/\" \/>\n<meta property=\"og:site_name\" content=\"H\u00f4tel Garabel\" \/>\n<meta property=\"article:modified_time\" content=\"2025-01-31T13:39:19+00:00\" \/>\n<meta name=\"twitter:card\" content=\"summary_large_image\" \/>\n<meta name=\"twitter:label1\" content=\"Estimated reading time\" \/>\n\t<meta name=\"twitter:data1\" content=\"1 minute\" \/>\n<script type=\"application\/ld+json\" class=\"yoast-schema-graph\">{\"@context\":\"https:\\\/\\\/schema.org\",\"@graph\":[{\"@type\":\"WebPage\",\"@id\":\"https:\\\/\\\/hotel-garabel.com\\\/acces\\\/\",\"url\":\"https:\\\/\\\/hotel-garabel.com\\\/acces\\\/\",\"name\":\"Acc\u00e8s - H\u00f4tel Garabel\",\"isPartOf\":{\"@id\":\"https:\\\/\\\/hotel-garabel.com\\\/#website\"},\"datePublished\":\"2024-12-13T15:27:52+00:00\",\"dateModified\":\"2025-01-31T13:39:19+00:00\",\"breadcrumb\":{\"@id\":\"https:\\\/\\\/hotel-garabel.com\\\/acces\\\/#breadcrumb\"},\"inLanguage\":\"en-GB\",\"potentialAction\":[{\"@type\":\"ReadAction\",\"target\":[\"https:\\\/\\\/hotel-garabel.com\\\/acces\\\/\"]}]},{\"@type\":\"BreadcrumbList\",\"@id\":\"https:\\\/\\\/hotel-garabel.com\\\/acces\\\/#breadcrumb\",\"itemListElement\":[{\"@type\":\"ListItem\",\"position\":1,\"name\":\"Accueil\",\"item\":\"https:\\\/\\\/hotel-garabel.com\\\/\"},{\"@type\":\"ListItem\",\"position\":2,\"name\":\"Acc\u00e8s\"}]},{\"@type\":\"WebSite\",\"@id\":\"https:\\\/\\\/hotel-garabel.com\\\/#website\",\"url\":\"https:\\\/\\\/hotel-garabel.com\\\/\",\"name\":\"H\u00f4tel Garabel\",\"description\":\"\",\"publisher\":{\"@id\":\"https:\\\/\\\/hotel-garabel.com\\\/#organization\"},\"potentialAction\":[{\"@type\":\"SearchAction\",\"target\":{\"@type\":\"EntryPoint\",\"urlTemplate\":\"https:\\\/\\\/hotel-garabel.com\\\/?s={search_term_string}\"},\"query-input\":{\"@type\":\"PropertyValueSpecification\",\"valueRequired\":true,\"valueName\":\"search_term_string\"}}],\"inLanguage\":\"en-GB\"},{\"@type\":\"Organization\",\"@id\":\"https:\\\/\\\/hotel-garabel.com\\\/#organization\",\"name\":\"H\u00f4tel Garabel\",\"url\":\"https:\\\/\\\/hotel-garabel.com\\\/\",\"logo\":{\"@type\":\"ImageObject\",\"inLanguage\":\"en-GB\",\"@id\":\"https:\\\/\\\/hotel-garabel.com\\\/#\\\/schema\\\/logo\\\/image\\\/\",\"url\":\"https:\\\/\\\/hotel-garabel.com\\\/wp-content\\\/uploads\\\/2024\\\/12\\\/cropped-Logo-Hotel-Garabel-ecriture-noir.png\",\"contentUrl\":\"https:\\\/\\\/hotel-garabel.com\\\/wp-content\\\/uploads\\\/2024\\\/12\\\/cropped-Logo-Hotel-Garabel-ecriture-noir.png\",\"width\":800,\"height\":646,\"caption\":\"H\u00f4tel Garabel\"},\"image\":{\"@id\":\"https:\\\/\\\/hotel-garabel.com\\\/#\\\/schema\\\/logo\\\/image\\\/\"}}]}<\/script>\n<!-- \/ Yoast SEO plugin. -->","yoast_head_json":{"title":"How to find us - H\u00f4tel Garabel","robots":{"index":"index","follow":"follow","max-snippet":"max-snippet:-1","max-image-preview":"max-image-preview:large","max-video-preview":"max-video-preview:-1"},"canonical":"https:\/\/hotel-garabel.com\/en\/acces\/","og_locale":"en_GB","og_type":"article","og_title":"Acc\u00e8s - H\u00f4tel Garabel","og_description":"Comment acc\u00e9der \u00e0 l&rsquo;H\u00f4tel Garabel ? Les itin\u00e9raires pour rejoindre l\u2019H\u00f4tel Garabel L\u2019H\u00f4tel Garabel, situ\u00e9 au 78 Avenue du 19 Mars 1962, 78370 Plaisir, est facilement accessible, que vous voyagiez en voiture, en transport en commun ou m\u00eame \u00e0 pied. Retrouvez ici toutes les informations pour rejoindre notre \u00e9tablissement en toute simplicit\u00e9. En Voiture Depuis Paris : Prenez l\u2019autoroute A13 en direction de Saint-Quentin-en-Yvelines, puis suivez la N12 jusqu\u2019\u00e0 Plaisir. Suivez les panneaux indiquant \u00ab\u00a0Plaisir Centre\u00a0\u00bb pour rejoindre l\u2019h\u00f4tel. Depuis Versailles : Empruntez la D10, puis la N12 pour rejoindre Plaisir. Continuez vers le centre-ville, l\u2019h\u00f4tel se trouve au 78 Avenue du 19 Mars 1962. Parking : Un parking public est disponible \u00e0 proximit\u00e9 imm\u00e9diate de l\u2019h\u00f4tel pour vous faciliter le stationnement. RER &#038; Transilien En RER : Prenez la ligne RER C jusqu\u2019\u00e0 Saint-Quentin-en-Yvelines, puis changez pour le Transilien N en direction de Dreux. Descendez \u00e0 la gare de Plaisir-Grignon, situ\u00e9e \u00e0 seulement 50 m\u00e8tres de l&rsquo;h\u00f4tel. En train : Le Transilien N, en direction de Mantes-la-Jolie ou Dreux, dessert la gare de Plaisir-Grignon. L&rsquo;h\u00f4tel est accessible en 2 minutes \u00e0 pied depuis la gare. Bus Les lignes de bus suivantes desservent Plaisir : Ligne 2 : Depuis Saint-Quentin-en-Yvelines. Ligne 10 : En provenance des communes environnantes. Descendez \u00e0 l&rsquo;arr\u00eat Gare Plaisir-Grignon, \u00e0 proximit\u00e9 imm\u00e9diate de l&rsquo;h\u00f4tel.","og_url":"https:\/\/hotel-garabel.com\/en\/acces\/","og_site_name":"H\u00f4tel Garabel","article_modified_time":"2025-01-31T13:39:19+00:00","twitter_card":"summary_large_image","twitter_misc":{"Estimated reading time":"1 minute"},"schema":{"@context":"https:\/\/schema.org","@graph":[{"@type":"WebPage","@id":"https:\/\/hotel-garabel.com\/acces\/","url":"https:\/\/hotel-garabel.com\/acces\/","name":"How to find us - H\u00f4tel Garabel","isPartOf":{"@id":"https:\/\/hotel-garabel.com\/#website"},"datePublished":"2024-12-13T15:27:52+00:00","dateModified":"2025-01-31T13:39:19+00:00","breadcrumb":{"@id":"https:\/\/hotel-garabel.com\/acces\/#breadcrumb"},"inLanguage":"en-GB","potentialAction":[{"@type":"ReadAction","target":["https:\/\/hotel-garabel.com\/acces\/"]}]},{"@type":"BreadcrumbList","@id":"https:\/\/hotel-garabel.com\/acces\/#breadcrumb","itemListElement":[{"@type":"ListItem","position":1,"name":"Accueil","item":"https:\/\/hotel-garabel.com\/"},{"@type":"ListItem","position":2,"name":"Acc\u00e8s"}]},{"@type":"WebSite","@id":"https:\/\/hotel-garabel.com\/#website","url":"https:\/\/hotel-garabel.com\/","name":"Hotel Garabel","description":"","publisher":{"@id":"https:\/\/hotel-garabel.com\/#organization"},"potentialAction":[{"@type":"SearchAction","target":{"@type":"EntryPoint","urlTemplate":"https:\/\/hotel-garabel.com\/?s={search_term_string}"},"query-input":{"@type":"PropertyValueSpecification","valueRequired":true,"valueName":"search_term_string"}}],"inLanguage":"en-GB"},{"@type":"Organization","@id":"https:\/\/hotel-garabel.com\/#organization","name":"Hotel Garabel","url":"https:\/\/hotel-garabel.com\/","logo":{"@type":"ImageObject","inLanguage":"en-GB","@id":"https:\/\/hotel-garabel.com\/#\/schema\/logo\/image\/","url":"https:\/\/hotel-garabel.com\/wp-content\/uploads\/2024\/12\/cropped-Logo-Hotel-Garabel-ecriture-noir.png","contentUrl":"https:\/\/hotel-garabel.com\/wp-content\/uploads\/2024\/12\/cropped-Logo-Hotel-Garabel-ecriture-noir.png","width":800,"height":646,"caption":"H\u00f4tel Garabel"},"image":{"@id":"https:\/\/hotel-garabel.com\/#\/schema\/logo\/image\/"}}]}},"_links":{"self":[{"href":"https:\/\/hotel-garabel.com\/en\/wp-json\/wp\/v2\/pages\/780","targetHints":{"allow":["GET"]}}],"collection":[{"href":"https:\/\/hotel-garabel.com\/en\/wp-json\/wp\/v2\/pages"}],"about":[{"href":"https:\/\/hotel-garabel.com\/en\/wp-json\/wp\/v2\/types\/page"}],"author":[{"embeddable":true,"href":"https:\/\/hotel-garabel.com\/en\/wp-json\/wp\/v2\/users\/1"}],"replies":[{"embeddable":true,"href":"https:\/\/hotel-garabel.com\/en\/wp-json\/wp\/v2\/comments?post=780"}],"version-history":[{"count":43,"href":"https:\/\/hotel-garabel.com\/en\/wp-json\/wp\/v2\/pages\/780\/revisions"}],"predecessor-version":[{"id":1227,"href":"https:\/\/hotel-garabel.com\/en\/wp-json\/wp\/v2\/pages\/780\/revisions\/1227"}],"wp:attachment":[{"href":"https:\/\/hotel-garabel.com\/en\/wp-json\/wp\/v2\/media?parent=780"}],"curies":[{"name":"wp","href":"https:\/\/api.w.org\/{rel}","templated":true}]}}