{"id":935,"date":"2024-12-14T09:40:51","date_gmt":"2024-12-14T09:40:51","guid":{"rendered":"https:\/\/hotel-garabel.com\/?page_id=935"},"modified":"2024-12-14T10:34:40","modified_gmt":"2024-12-14T10:34:40","slug":"mentions-legales","status":"publish","type":"page","link":"https:\/\/hotel-garabel.com\/en\/mentions-legales\/","title":{"rendered":"Legal information"},"content":{"rendered":"<div data-elementor-type=\"wp-page\" data-elementor-id=\"935\" class=\"elementor elementor-935\" data-elementor-post-type=\"page\">\n\t\t\t\t<div class=\"elementor-element elementor-element-fbea8b2 e-flex e-con-boxed wpr-particle-no wpr-jarallax-no wpr-parallax-no wpr-sticky-section-no wpr-equal-height-no e-con e-parent\" data-id=\"fbea8b2\" data-element_type=\"container\" data-e-type=\"container\" data-settings=\"{&quot;background_background&quot;:&quot;classic&quot;}\">\n\t\t\t\t\t<div class=\"e-con-inner\">\n\t\t<div class=\"elementor-element elementor-element-15ec1df e-con-full e-flex wpr-particle-no wpr-jarallax-no wpr-parallax-no wpr-sticky-section-no wpr-equal-height-no e-con e-child\" data-id=\"15ec1df\" data-element_type=\"container\" data-e-type=\"container\">\n\t\t\t\t<div class=\"elementor-element elementor-element-a753c49 elementor-widget elementor-widget-heading\" data-id=\"a753c49\" data-element_type=\"widget\" data-e-type=\"widget\" data-widget_type=\"heading.default\">\n\t\t\t\t<div class=\"elementor-widget-container\">\n\t\t\t\t\t<h2 class=\"elementor-heading-title elementor-size-default\">Legal information<\/h2>\t\t\t\t<\/div>\n\t\t\t\t<\/div>\n\t\t\t\t<\/div>\n\t\t\t\t\t<\/div>\n\t\t\t\t<\/div>\n\t\t<div class=\"elementor-element elementor-element-2be232b e-flex e-con-boxed wpr-particle-no wpr-jarallax-no wpr-parallax-no wpr-sticky-section-no wpr-equal-height-no e-con e-parent\" data-id=\"2be232b\" data-element_type=\"container\" data-e-type=\"container\">\n\t\t\t\t\t<div class=\"e-con-inner\">\n\t\t\t\t<div class=\"elementor-element elementor-element-84b0c09 elementor-widget elementor-widget-text-editor\" data-id=\"84b0c09\" data-element_type=\"widget\" data-e-type=\"widget\" data-widget_type=\"text-editor.default\">\n\t\t\t\t<div class=\"elementor-widget-container\">\n\t\t\t\t\t\t\t\t\t<p><strong>Legal information<\/strong><\/p><p>Hotelgarabel.fr is published by OB HOTELERIE.<\/p><p><strong>OB HOTELERIE<br \/><\/strong>78 AVENUE DU 19 MARS 1962, <br \/>78370 PLAISIR<br \/>Tel.: 01.30.55.68.68<br \/>E-mail: hotelgarabel@gmail.com<br \/><br \/>R.C.S. 827 638 230 R.C.S. Versailles<br \/>SIRET n\u00b0 82763823000017<br \/><br \/><strong>Publication Director:<\/strong><br \/>Ould Braham Ouramdane<br \/><br \/><\/p><p><strong>WEBMASTER<\/strong><\/p><p>This site is hosted by :<br \/><strong>Hostinger<br \/><\/strong>HOSTINGER operations, UAB<br \/>\u0160vitrigailos str. 34, Vilnius 03230 Lithuania<\/p><p><strong>CONFIDENTIALITY AND DATA PROTECTION<\/strong><\/p><p>In accordance with the French Data Protection Act of 06 January 1978, you may at any time modify or delete information relating to your registration. As this information is confidential, OB HOTELERIE undertakes to protect it.<\/p><p>You have the right to access, modify, rectify and delete data concerning you (art. 34 of the French Data Protection Act). You can exercise this right directly on the sites concerned or by contacting us:<\/p><p><strong>OB HOTELERIE<br \/><\/strong><span style=\"font-family: var(--global-body-font-family);\">78 AVENUE DU 19 MARS 1962,<\/span>78370 PLAISIR<br \/>Tel.: 01.30.55.68.68<br \/>E-mail: hotelgarabel@gmail.com<\/p>\t\t\t\t\t\t\t\t<\/div>\n\t\t\t\t<\/div>\n\t\t\t\t\t<\/div>\n\t\t\t\t<\/div>\n\t\t\t\t<\/div>","protected":false},"excerpt":{"rendered":"<p>Legal information Legal information Hotelgarabel.fr is published by OB HOTELERIE. OB HOTELERIE78 AVENUE DU 19 MARS 1962, 78370 PLAISIRTel: 01.30.55.68.68E-mail: hotelgarabel@gmail.com R.C.S. 827 638 230 R.C.S. VersaillesSIRET n\u00b0 82763823000017 Publication Director:Ould Braham Ouramdane HOST This site is hosted by:HostingerHOSTINGER operations, UAB\u0160vitrigailos str. 34, Vilnius 03230 Lithuania CONFIDENTIALITY AND DATA PROTECTION In accordance with the French Data Protection Act of 06 January 1978, you may modify or delete your registration details at any time. As this information is confidential, OB HOTELERIE undertakes to protect it. You have the right to access, modify, rectify and delete data concerning you (art. 34 of the French Data Protection Act). You can exercise this right directly on the sites concerned or by contacting us: OB HOTELERIE78 AVENUE DU 19 MARS 1962,78370 PLAISIRTel: 01.30.55.68.68E-mail: hotelgarabel@gmail.com<\/p>","protected":false},"author":1,"featured_media":0,"parent":0,"menu_order":0,"comment_status":"closed","ping_status":"closed","template":"","meta":{"_kad_post_transparent":"","_kad_post_title":"hide","_kad_post_layout":"fullwidth","_kad_post_sidebar_id":"","_kad_post_content_style":"unboxed","_kad_post_vertical_padding":"hide","_kad_post_feature":"hide","_kad_post_feature_position":"","_kad_post_header":false,"_kad_post_footer":false,"_kad_post_classname":"","footnotes":""},"class_list":["post-935","page","type-page","status-publish","hentry"],"yoast_head":"<!-- This site is optimized with the Yoast SEO plugin v27.5 - https:\/\/yoast.com\/product\/yoast-seo-wordpress\/ -->\n<title>Mentions l\u00e9gales - H\u00f4tel Garabel<\/title>\n<meta name=\"robots\" content=\"index, follow, max-snippet:-1, max-image-preview:large, max-video-preview:-1\" \/>\n<link rel=\"canonical\" href=\"https:\/\/hotel-garabel.com\/en\/mentions-legales\/\" \/>\n<meta property=\"og:locale\" content=\"en_GB\" \/>\n<meta property=\"og:type\" content=\"article\" \/>\n<meta property=\"og:title\" content=\"Mentions l\u00e9gales - H\u00f4tel Garabel\" \/>\n<meta property=\"og:description\" content=\"Mentions l\u00e9gales Mentions l\u00e9gales Hotelgarabel.fr est \u00e9dit\u00e9 par la soci\u00e9t\u00e9 OB HOTELERIE. OB HOTELERIE78 AVENUE DU 19 MARS 1962, 78370 PLAISIRT\u00e9l. : 01.30.55.68.68E-mail : hotelgarabel@gmail.com R.C.S. 827 638 230 R.C.S. VersaillesSIRET n\u00b0 82763823000017 Directeur de la Publication :Ould Braham Ouramdane HEBERGEUR Ce site est h\u00e9berg\u00e9 par :HostingerHOSTINGER operations, UAB\u0160vitrigailos str. 34, Vilnius 03230 Lithuania CONFIDENTIALITE ET PROTECTION DES DONNEES Conform\u00e9ment \u00e0 la loi informatique et libert\u00e9s du 06 janvier 1978, vous pouvez \u00e0 tout moment modifier ou supprimer les renseignements li\u00e9s \u00e0 votre inscription. Ces informations vous concernant \u00e9tant confidentielles,\u00a0OB HOTELERIE s\u2019engage \u00e0 les prot\u00e9ger. Vous disposez d\u2019un droit d\u2019acc\u00e8s, de modification, de rectification et de suppression des donn\u00e9es qui vous concernent (art. 34 de la loi \u00ab\u00a0Informatique et Libert\u00e9s\u00a0\u00bb). Vous pouvez exercer ce droit directement sur les sites concern\u00e9s ou en nous contactant : OB HOTELERIE78 AVENUE DU 19 MARS 1962,78370 PLAISIRT\u00e9l. : 01.30.55.68.68E-mail : hotelgarabel@gmail.com\" \/>\n<meta property=\"og:url\" content=\"https:\/\/hotel-garabel.com\/en\/mentions-legales\/\" \/>\n<meta property=\"og:site_name\" content=\"H\u00f4tel Garabel\" \/>\n<meta property=\"article:modified_time\" content=\"2024-12-14T10:34:40+00:00\" \/>\n<meta name=\"twitter:card\" content=\"summary_large_image\" \/>\n<meta name=\"twitter:label1\" content=\"Estimated reading time\" \/>\n\t<meta name=\"twitter:data1\" content=\"1 minute\" \/>\n<script type=\"application\/ld+json\" class=\"yoast-schema-graph\">{\"@context\":\"https:\\\/\\\/schema.org\",\"@graph\":[{\"@type\":\"WebPage\",\"@id\":\"https:\\\/\\\/hotel-garabel.com\\\/mentions-legales\\\/\",\"url\":\"https:\\\/\\\/hotel-garabel.com\\\/mentions-legales\\\/\",\"name\":\"Mentions l\u00e9gales - H\u00f4tel Garabel\",\"isPartOf\":{\"@id\":\"https:\\\/\\\/hotel-garabel.com\\\/#website\"},\"datePublished\":\"2024-12-14T09:40:51+00:00\",\"dateModified\":\"2024-12-14T10:34:40+00:00\",\"breadcrumb\":{\"@id\":\"https:\\\/\\\/hotel-garabel.com\\\/mentions-legales\\\/#breadcrumb\"},\"inLanguage\":\"en-GB\",\"potentialAction\":[{\"@type\":\"ReadAction\",\"target\":[\"https:\\\/\\\/hotel-garabel.com\\\/mentions-legales\\\/\"]}]},{\"@type\":\"BreadcrumbList\",\"@id\":\"https:\\\/\\\/hotel-garabel.com\\\/mentions-legales\\\/#breadcrumb\",\"itemListElement\":[{\"@type\":\"ListItem\",\"position\":1,\"name\":\"Accueil\",\"item\":\"https:\\\/\\\/hotel-garabel.com\\\/\"},{\"@type\":\"ListItem\",\"position\":2,\"name\":\"Mentions l\u00e9gales\"}]},{\"@type\":\"WebSite\",\"@id\":\"https:\\\/\\\/hotel-garabel.com\\\/#website\",\"url\":\"https:\\\/\\\/hotel-garabel.com\\\/\",\"name\":\"H\u00f4tel Garabel\",\"description\":\"\",\"publisher\":{\"@id\":\"https:\\\/\\\/hotel-garabel.com\\\/#organization\"},\"potentialAction\":[{\"@type\":\"SearchAction\",\"target\":{\"@type\":\"EntryPoint\",\"urlTemplate\":\"https:\\\/\\\/hotel-garabel.com\\\/?s={search_term_string}\"},\"query-input\":{\"@type\":\"PropertyValueSpecification\",\"valueRequired\":true,\"valueName\":\"search_term_string\"}}],\"inLanguage\":\"en-GB\"},{\"@type\":\"Organization\",\"@id\":\"https:\\\/\\\/hotel-garabel.com\\\/#organization\",\"name\":\"H\u00f4tel Garabel\",\"url\":\"https:\\\/\\\/hotel-garabel.com\\\/\",\"logo\":{\"@type\":\"ImageObject\",\"inLanguage\":\"en-GB\",\"@id\":\"https:\\\/\\\/hotel-garabel.com\\\/#\\\/schema\\\/logo\\\/image\\\/\",\"url\":\"https:\\\/\\\/hotel-garabel.com\\\/wp-content\\\/uploads\\\/2024\\\/12\\\/cropped-Logo-Hotel-Garabel-ecriture-noir.png\",\"contentUrl\":\"https:\\\/\\\/hotel-garabel.com\\\/wp-content\\\/uploads\\\/2024\\\/12\\\/cropped-Logo-Hotel-Garabel-ecriture-noir.png\",\"width\":800,\"height\":646,\"caption\":\"H\u00f4tel Garabel\"},\"image\":{\"@id\":\"https:\\\/\\\/hotel-garabel.com\\\/#\\\/schema\\\/logo\\\/image\\\/\"}}]}<\/script>\n<!-- \/ Yoast SEO plugin. -->","yoast_head_json":{"title":"Legal information - H\u00f4tel Garabel","robots":{"index":"index","follow":"follow","max-snippet":"max-snippet:-1","max-image-preview":"max-image-preview:large","max-video-preview":"max-video-preview:-1"},"canonical":"https:\/\/hotel-garabel.com\/en\/mentions-legales\/","og_locale":"en_GB","og_type":"article","og_title":"Mentions l\u00e9gales - H\u00f4tel Garabel","og_description":"Mentions l\u00e9gales Mentions l\u00e9gales Hotelgarabel.fr est \u00e9dit\u00e9 par la soci\u00e9t\u00e9 OB HOTELERIE. OB HOTELERIE78 AVENUE DU 19 MARS 1962, 78370 PLAISIRT\u00e9l. : 01.30.55.68.68E-mail : hotelgarabel@gmail.com R.C.S. 827 638 230 R.C.S. VersaillesSIRET n\u00b0 82763823000017 Directeur de la Publication :Ould Braham Ouramdane HEBERGEUR Ce site est h\u00e9berg\u00e9 par :HostingerHOSTINGER operations, UAB\u0160vitrigailos str. 34, Vilnius 03230 Lithuania CONFIDENTIALITE ET PROTECTION DES DONNEES Conform\u00e9ment \u00e0 la loi informatique et libert\u00e9s du 06 janvier 1978, vous pouvez \u00e0 tout moment modifier ou supprimer les renseignements li\u00e9s \u00e0 votre inscription. Ces informations vous concernant \u00e9tant confidentielles,\u00a0OB HOTELERIE s\u2019engage \u00e0 les prot\u00e9ger. Vous disposez d\u2019un droit d\u2019acc\u00e8s, de modification, de rectification et de suppression des donn\u00e9es qui vous concernent (art. 34 de la loi \u00ab\u00a0Informatique et Libert\u00e9s\u00a0\u00bb). Vous pouvez exercer ce droit directement sur les sites concern\u00e9s ou en nous contactant : OB HOTELERIE78 AVENUE DU 19 MARS 1962,78370 PLAISIRT\u00e9l. : 01.30.55.68.68E-mail : hotelgarabel@gmail.com","og_url":"https:\/\/hotel-garabel.com\/en\/mentions-legales\/","og_site_name":"H\u00f4tel Garabel","article_modified_time":"2024-12-14T10:34:40+00:00","twitter_card":"summary_large_image","twitter_misc":{"Estimated reading time":"1 minute"},"schema":{"@context":"https:\/\/schema.org","@graph":[{"@type":"WebPage","@id":"https:\/\/hotel-garabel.com\/mentions-legales\/","url":"https:\/\/hotel-garabel.com\/mentions-legales\/","name":"Legal information - H\u00f4tel Garabel","isPartOf":{"@id":"https:\/\/hotel-garabel.com\/#website"},"datePublished":"2024-12-14T09:40:51+00:00","dateModified":"2024-12-14T10:34:40+00:00","breadcrumb":{"@id":"https:\/\/hotel-garabel.com\/mentions-legales\/#breadcrumb"},"inLanguage":"en-GB","potentialAction":[{"@type":"ReadAction","target":["https:\/\/hotel-garabel.com\/mentions-legales\/"]}]},{"@type":"BreadcrumbList","@id":"https:\/\/hotel-garabel.com\/mentions-legales\/#breadcrumb","itemListElement":[{"@type":"ListItem","position":1,"name":"Accueil","item":"https:\/\/hotel-garabel.com\/"},{"@type":"ListItem","position":2,"name":"Mentions l\u00e9gales"}]},{"@type":"WebSite","@id":"https:\/\/hotel-garabel.com\/#website","url":"https:\/\/hotel-garabel.com\/","name":"Hotel Garabel","description":"","publisher":{"@id":"https:\/\/hotel-garabel.com\/#organization"},"potentialAction":[{"@type":"SearchAction","target":{"@type":"EntryPoint","urlTemplate":"https:\/\/hotel-garabel.com\/?s={search_term_string}"},"query-input":{"@type":"PropertyValueSpecification","valueRequired":true,"valueName":"search_term_string"}}],"inLanguage":"en-GB"},{"@type":"Organization","@id":"https:\/\/hotel-garabel.com\/#organization","name":"Hotel Garabel","url":"https:\/\/hotel-garabel.com\/","logo":{"@type":"ImageObject","inLanguage":"en-GB","@id":"https:\/\/hotel-garabel.com\/#\/schema\/logo\/image\/","url":"https:\/\/hotel-garabel.com\/wp-content\/uploads\/2024\/12\/cropped-Logo-Hotel-Garabel-ecriture-noir.png","contentUrl":"https:\/\/hotel-garabel.com\/wp-content\/uploads\/2024\/12\/cropped-Logo-Hotel-Garabel-ecriture-noir.png","width":800,"height":646,"caption":"H\u00f4tel Garabel"},"image":{"@id":"https:\/\/hotel-garabel.com\/#\/schema\/logo\/image\/"}}]}},"_links":{"self":[{"href":"https:\/\/hotel-garabel.com\/en\/wp-json\/wp\/v2\/pages\/935","targetHints":{"allow":["GET"]}}],"collection":[{"href":"https:\/\/hotel-garabel.com\/en\/wp-json\/wp\/v2\/pages"}],"about":[{"href":"https:\/\/hotel-garabel.com\/en\/wp-json\/wp\/v2\/types\/page"}],"author":[{"embeddable":true,"href":"https:\/\/hotel-garabel.com\/en\/wp-json\/wp\/v2\/users\/1"}],"replies":[{"embeddable":true,"href":"https:\/\/hotel-garabel.com\/en\/wp-json\/wp\/v2\/comments?post=935"}],"version-history":[{"count":7,"href":"https:\/\/hotel-garabel.com\/en\/wp-json\/wp\/v2\/pages\/935\/revisions"}],"predecessor-version":[{"id":1081,"href":"https:\/\/hotel-garabel.com\/en\/wp-json\/wp\/v2\/pages\/935\/revisions\/1081"}],"wp:attachment":[{"href":"https:\/\/hotel-garabel.com\/en\/wp-json\/wp\/v2\/media?parent=935"}],"curies":[{"name":"wp","href":"https:\/\/api.w.org\/{rel}","templated":true}]}}